{"id":1601,"date":"2024-12-08T06:54:03","date_gmt":"2024-12-08T06:54:03","guid":{"rendered":"https:\/\/miatasatsummertime.eu\/?page_id=1601"},"modified":"2024-12-08T06:54:43","modified_gmt":"2024-12-08T06:54:43","slug":"overnachten-de","status":"publish","type":"page","link":"https:\/\/miatasatsummertime.eu\/index.php\/de\/overnachten-de\/","title":{"rendered":"Overnachten (de)"},"content":{"rendered":"\t\t<div data-elementor-type=\"wp-page\" data-elementor-id=\"1601\" class=\"elementor elementor-1601\" data-elementor-post-type=\"page\">\n\t\t\t\t<div class=\"elementor-element elementor-element-95d6635 e-flex e-con-boxed e-con e-parent\" data-id=\"95d6635\" data-element_type=\"container\">\n\t\t\t\t\t<div class=\"e-con-inner\">\n\t\t\t\t<div class=\"elementor-element elementor-element-4d22bc6 elementor-widget elementor-widget-image\" data-id=\"4d22bc6\" data-element_type=\"widget\" data-widget_type=\"image.default\">\n\t\t\t\t<div class=\"elementor-widget-container\">\n\t\t\t\t\t\t\t\t\t\t\t\t\t\t\t<img fetchpriority=\"high\" decoding=\"async\" width=\"768\" height=\"576\" src=\"https:\/\/miatasatsummertime.eu\/wp-content\/uploads\/2024\/11\/Dronefoto-768x576.jpg\" class=\"attachment-medium_large size-medium_large wp-image-282\" alt=\"\" srcset=\"https:\/\/miatasatsummertime.eu\/wp-content\/uploads\/2024\/11\/Dronefoto-768x576.jpg 768w, https:\/\/miatasatsummertime.eu\/wp-content\/uploads\/2024\/11\/Dronefoto-300x225.jpg 300w, https:\/\/miatasatsummertime.eu\/wp-content\/uploads\/2024\/11\/Dronefoto-1024x768.jpg 1024w, https:\/\/miatasatsummertime.eu\/wp-content\/uploads\/2024\/11\/Dronefoto-1536x1152.jpg 1536w, https:\/\/miatasatsummertime.eu\/wp-content\/uploads\/2024\/11\/Dronefoto.jpg 2048w\" sizes=\"(max-width: 768px) 100vw, 768px\" \/>\t\t\t\t\t\t\t\t\t\t\t\t\t\t\t<\/div>\n\t\t\t\t<\/div>\n\t\t\t\t<div class=\"elementor-element elementor-element-a1a3877 elementor-widget elementor-widget-text-editor\" data-id=\"a1a3877\" data-element_type=\"widget\" data-widget_type=\"text-editor.default\">\n\t\t\t\t<div class=\"elementor-widget-container\">\n\t\t\t\t\t\t\t\t\t<section id=\"section-id-1664519098556\" class=\"sppb-section\"><div class=\"sppb-row-container\"><div class=\"sppb-row\"><div id=\"column-wrap-id-1664519098555\" class=\"sppb-row-column \"><div id=\"column-id-1664519098555\" class=\"sppb-column \"><div class=\"sppb-column-addons\"><div id=\"sppb-addon-wrapper-1664519123459\" class=\"sppb-addon-wrapper addon-root-heading\"><div id=\"sppb-addon-1664519123459\" class=\"clearfix \"><div class=\"sppb-addon sppb-addon-header\"><p><strong>\u00dcbernachtung<\/strong><\/p><p>Camping auf dem Veranstaltungsgel\u00e4nde ist im Teilnahmebeitrag enthalten. Wir empfehlen dies ausdr\u00fccklich, da es EINE der Dinge ist, die wir f\u00fcr den Charme dieser Veranstaltung halten. Wo sonst kann man neben seinem MX-5 schlafen?<br \/>F\u00fcr diejenigen, die \u00fcberraschend doch nicht campen m\u00f6chten (was wir uns kaum vorstellen k\u00f6nnen&#8230;), gibt es in der Umgebung viele Unterkunftsm\u00f6glichkeiten. Hotels, Bed &amp; Breakfasts oder Ferienh\u00e4user. Es ist f\u00fcr jedes Budget etwas dabei. Sie k\u00f6nnen es sich so sch\u00f6n machen, wie Sie m\u00f6chten. Die Buchung m\u00fcssen Sie jedoch selbst vornehmen.<\/p><p>Reuver geh\u00f6rt zur Gemeinde Beesel. Es gibt verschiedene touristische Sehensw\u00fcrdigkeiten und Attraktionen in der Umgebung.<\/p><p>Wie bereits erw\u00e4hnt, ist das Camping (\u00dcbernachtung) auf dem Veranstaltungsgel\u00e4nde im Preis enthalten. Camping ist von Freitagmorgen bis Sonntagnachmittag erlaubt. Am Ende der Veranstaltung m\u00fcssen wir das Gel\u00e4nde wieder sauber hinterlassen. W\u00e4hrend der Veranstaltung sorgen wir f\u00fcr einen Caterer, der f\u00fcr Essen und Getr\u00e4nke sorgt. Wir stellen auch ordentliche sanit\u00e4re Einrichtungen, Duschen und Toiletten zur Verf\u00fcgung.<\/p><\/div><\/div><\/div><\/div><\/div><\/div><\/div><\/div><\/section>\t\t\t\t\t\t\t\t<\/div>\n\t\t\t\t<\/div>\n\t\t\t\t\t<\/div>\n\t\t\t\t<\/div>\n\t\t<div class=\"elementor-element elementor-element-f170bc9 e-flex e-con-boxed e-con e-parent\" data-id=\"f170bc9\" data-element_type=\"container\">\n\t\t\t\t\t<div class=\"e-con-inner\">\n\t\t\t\t<div class=\"elementor-element elementor-element-06af9e8 elementor-widget elementor-widget-heading\" data-id=\"06af9e8\" data-element_type=\"widget\" data-widget_type=\"heading.default\">\n\t\t\t\t<div class=\"elementor-widget-container\">\n\t\t\t\t\t<h4 class=\"elementor-heading-title elementor-size-default\">Hier ist eine \u00dcbersicht von Booking.com mit Unterkunftsm\u00f6glichkeiten in der Umgebung von Reuver.<\/h4>\t\t\t\t<\/div>\n\t\t\t\t<\/div>\n\t\t\t\t<div class=\"elementor-element elementor-element-31638f5 elementor-widget elementor-widget-html\" data-id=\"31638f5\" data-element_type=\"widget\" data-widget_type=\"html.default\">\n\t\t\t\t<div class=\"elementor-widget-container\">\n\t\t\t\t\t<iframe height=\"800\" src=\"https:\/\/www.booking.com\/searchresults.nl.html?ss=Reuver%2C+Limburg%2C+Nederland&efdco=1&label=msn-GTGR*X7am5xHvX1tyIu6QQ-80264508371378%3Atikwd-80264660601310%3Aloc-129%3Aneo%3Amte%3Alp159876%3Adec%3Aqsreuver&sid=698a13dd105b51c6fe4c4d3d75ca4e13&aid=352060&lang=nl&sb=1&src_elem=sb&src=index&dest_id=-2152086&dest_type=city&ac_position=0&ac_click_type=b&ac_langcode=nl&ac_suggestion_list_length=3&search_selected=true&search_pageview_id=b32a35dbff8f067f&ac_meta=GhBiMzJhMzVkYmZmOGYwNjdmIAAoATICbmw6BlJldXZlckAASgBQAA%3D%3D&group_adults=2&no_rooms=1&group_children=0#map_closed\" title=\"W3Schools Free Online Web Tutorials\"><\/iframe>\t\t\t\t<\/div>\n\t\t\t\t<\/div>\n\t\t\t\t\t<\/div>\n\t\t\t\t<\/div>\n\t\t\t\t<\/div>\n\t\t","protected":false},"excerpt":{"rendered":"<p>\u00dcbernachtung Camping auf dem Veranstaltungsgel\u00e4nde ist im Teilnahmebeitrag enthalten. Wir empfehlen dies ausdr\u00fccklich, da es EINE der Dinge ist, die wir f\u00fcr den Charme dieser Veranstaltung halten. Wo sonst kann man neben seinem MX-5 schlafen?F\u00fcr diejenigen, die \u00fcberraschend doch nicht campen m\u00f6chten (was wir uns kaum vorstellen k\u00f6nnen&#8230;), gibt es in der Umgebung viele Unterkunftsm\u00f6glichkeiten. [&hellip;]<\/p>\n","protected":false},"author":1,"featured_media":0,"parent":0,"menu_order":0,"comment_status":"closed","ping_status":"closed","template":"","meta":{"footnotes":""},"class_list":["post-1601","page","type-page","status-publish","hentry"],"_links":{"self":[{"href":"https:\/\/miatasatsummertime.eu\/index.php\/wp-json\/wp\/v2\/pages\/1601","targetHints":{"allow":["GET"]}}],"collection":[{"href":"https:\/\/miatasatsummertime.eu\/index.php\/wp-json\/wp\/v2\/pages"}],"about":[{"href":"https:\/\/miatasatsummertime.eu\/index.php\/wp-json\/wp\/v2\/types\/page"}],"author":[{"embeddable":true,"href":"https:\/\/miatasatsummertime.eu\/index.php\/wp-json\/wp\/v2\/users\/1"}],"replies":[{"embeddable":true,"href":"https:\/\/miatasatsummertime.eu\/index.php\/wp-json\/wp\/v2\/comments?post=1601"}],"version-history":[{"count":4,"href":"https:\/\/miatasatsummertime.eu\/index.php\/wp-json\/wp\/v2\/pages\/1601\/revisions"}],"predecessor-version":[{"id":1605,"href":"https:\/\/miatasatsummertime.eu\/index.php\/wp-json\/wp\/v2\/pages\/1601\/revisions\/1605"}],"wp:attachment":[{"href":"https:\/\/miatasatsummertime.eu\/index.php\/wp-json\/wp\/v2\/media?parent=1601"}],"curies":[{"name":"wp","href":"https:\/\/api.w.org\/{rel}","templated":true}]}}