{"id":1573,"date":"2024-12-08T06:42:20","date_gmt":"2024-12-08T06:42:20","guid":{"rendered":"https:\/\/miatasatsummertime.eu\/?page_id=1573"},"modified":"2024-12-08T06:43:09","modified_gmt":"2024-12-08T06:43:09","slug":"geschiedenis-fr","status":"publish","type":"page","link":"https:\/\/miatasatsummertime.eu\/index.php\/fr\/geschiedenis-fr\/","title":{"rendered":"Geschiedenis (fr)"},"content":{"rendered":"\t\t<div data-elementor-type=\"wp-page\" data-elementor-id=\"1573\" class=\"elementor elementor-1573\" data-elementor-post-type=\"page\">\n\t\t\t\t<div class=\"elementor-element elementor-element-69ee3ef e-flex e-con-boxed e-con e-parent\" data-id=\"69ee3ef\" data-element_type=\"container\">\n\t\t\t\t\t<div class=\"e-con-inner\">\n\t\t<div class=\"elementor-element elementor-element-adf903b e-con-full e-flex e-con e-child\" data-id=\"adf903b\" data-element_type=\"container\">\n\t\t\t\t<div class=\"elementor-element elementor-element-36e1a61 elementor-widget elementor-widget-text-editor\" data-id=\"36e1a61\" data-element_type=\"widget\" data-widget_type=\"text-editor.default\">\n\t\t\t\t<div class=\"elementor-widget-container\">\n\t\t\t\t\t\t\t\t\t<p><strong>Comment cet \u00e9v\u00e9nement majeur est n\u00e9 :<\/strong><br \/>Miatas At Summertime, anciennement Miatas At Sevenum, n&#8217;est pas un \u00e9v\u00e9nement qui a \u00e9t\u00e9 \u00ab invent\u00e9 sur un coup de t\u00eate \u00bb. C&#8217;est une id\u00e9e qui mijotait depuis des ann\u00e9es parmi divers amis et connaissances de la communaut\u00e9 MX-5. Pendant des ann\u00e9es, nous nous sommes crois\u00e9s lors de diff\u00e9rents \u00e9v\u00e9nements nationaux et internationaux, et nous nous disions toujours : \u00ab Un tel grand \u00e9v\u00e9nement MX-5 devrait aussi \u00eatre possible aux Pays-Bas. \u00bb<\/p><p>Pendant longtemps, ce n&#8217;\u00e9tait que des paroles, mais ensuite il est devenu clair que l&#8217;\u00e9v\u00e9nement allemand <em>\u201eTreffen Im Pott\u201d<\/em> ne pourrait pas avoir lieu en 2017. Cela \u00e9tait principalement d\u00fb au fait que le site de l&#8217;\u00e9v\u00e9nement serait r\u00e9am\u00e9nag\u00e9, ne laissant plus de place pour des \u00e9v\u00e9nements automobiles \u00e0 grande \u00e9chelle. Lors d&#8217;un tour au bar, nous avons alors plaisant\u00e9 en disant : \u00ab Alors faisons-le chez nous ! \u00bb<\/p>\t\t\t\t\t\t\t\t<\/div>\n\t\t\t\t<\/div>\n\t\t\t\t<\/div>\n\t\t<div class=\"elementor-element elementor-element-0b7ac99 e-con-full e-flex e-con e-child\" data-id=\"0b7ac99\" data-element_type=\"container\">\n\t\t\t\t<div class=\"elementor-element elementor-element-36d238d elementor-widget elementor-widget-image\" data-id=\"36d238d\" data-element_type=\"widget\" data-widget_type=\"image.default\">\n\t\t\t\t<div class=\"elementor-widget-container\">\n\t\t\t\t\t\t\t\t\t\t\t\t\t\t\t<img fetchpriority=\"high\" decoding=\"async\" width=\"800\" height=\"534\" src=\"https:\/\/miatasatsummertime.eu\/wp-content\/uploads\/2024\/11\/MAS2024-1024x683.jpg\" class=\"attachment-large size-large wp-image-674\" alt=\"\" srcset=\"https:\/\/miatasatsummertime.eu\/wp-content\/uploads\/2024\/11\/MAS2024-1024x683.jpg 1024w, https:\/\/miatasatsummertime.eu\/wp-content\/uploads\/2024\/11\/MAS2024-300x200.jpg 300w, https:\/\/miatasatsummertime.eu\/wp-content\/uploads\/2024\/11\/MAS2024-768x512.jpg 768w, https:\/\/miatasatsummertime.eu\/wp-content\/uploads\/2024\/11\/MAS2024-1536x1025.jpg 1536w, https:\/\/miatasatsummertime.eu\/wp-content\/uploads\/2024\/11\/MAS2024.jpg 2048w\" sizes=\"(max-width: 800px) 100vw, 800px\" \/>\t\t\t\t\t\t\t\t\t\t\t\t\t\t\t<\/div>\n\t\t\t\t<\/div>\n\t\t\t\t<\/div>\n\t\t\t\t\t<\/div>\n\t\t\t\t<\/div>\n\t\t<div class=\"elementor-element elementor-element-2785ae1 e-flex e-con-boxed e-con e-parent\" data-id=\"2785ae1\" data-element_type=\"container\">\n\t\t\t\t\t<div class=\"e-con-inner\">\n\t\t\t\t<div class=\"elementor-element elementor-element-02af9e7 elementor-widget elementor-widget-text-editor\" data-id=\"02af9e7\" data-element_type=\"widget\" data-widget_type=\"text-editor.default\">\n\t\t\t\t<div class=\"elementor-widget-container\">\n\t\t\t\t\t\t\t\t\t<p>Et ainsi il arriva que Miatas at Sevenum fut organis\u00e9 pour la premi\u00e8re fois en 2017 en tant qu&#8217;exp\u00e9rience. Ce fut un grand succ\u00e8s. Un grand rassemblement de MX-5, inspir\u00e9 par la &#8220;Spring Rallye&#8221; du club anglais et le &#8220;Treffen im Pott&#8221; en Allemagne. Cela rappelle un peu la f\u00eate des MX-5 organis\u00e9e par Mazda Pays-Bas pour le 20e anniversaire du MX-5 sur le site de la RDW.<\/p><p>En 2018, la deuxi\u00e8me \u00e9dition suivit avec encore plus de passionn\u00e9s de MX-5 et leurs voitures, surpassant largement la premi\u00e8re \u00e9dition. Le succ\u00e8s fut tellement grand que beaucoup attendaient d\u00e9j\u00e0 avec impatience la prochaine \u00e9dition, MAS 2019 !!<\/p><p>MAS 2019 promettait d&#8217;\u00eatre encore plus grand, meilleur et plus beau que les \u00e9ditions pr\u00e9c\u00e9dentes. Et pour le 30e anniversaire du MX-5, nous voulions vivre \u00e0 nouveau un week-end spectaculaire !<\/p><p>En 2020 et 2021, il n&#8217;y a pas eu d&#8217;\u00e9dition en raison du virus Corona, mais nous allons rattraper cela en 2022.<\/p><p>En 2020, nous avons \u00e9galement d\u00fb trouver un nouveau site, ce qui nous a conduits \u00e0 changer le nom de notre \u00e9v\u00e9nement en Miatas At Summertime.<\/p>\t\t\t\t\t\t\t\t<\/div>\n\t\t\t\t<\/div>\n\t\t\t\t\t<\/div>\n\t\t\t\t<\/div>\n\t\t<div class=\"elementor-element elementor-element-b527122 e-grid e-con-boxed e-con e-parent\" data-id=\"b527122\" data-element_type=\"container\">\n\t\t\t\t\t<div class=\"e-con-inner\">\n\t\t\t\t<div class=\"elementor-element elementor-element-2e42ab0 elementor-widget elementor-widget-video\" data-id=\"2e42ab0\" data-element_type=\"widget\" data-settings=\"{&quot;youtube_url&quot;:&quot;https:\\\/\\\/www.youtube.com\\\/watch?v=ivQEgz8YteI&quot;,&quot;autoplay&quot;:&quot;yes&quot;,&quot;video_type&quot;:&quot;youtube&quot;,&quot;controls&quot;:&quot;yes&quot;}\" data-widget_type=\"video.default\">\n\t\t\t\t<div class=\"elementor-widget-container\">\n\t\t\t\t\t\t\t<div class=\"elementor-wrapper elementor-open-inline\">\n\t\t\t<div class=\"elementor-video\"><\/div>\t\t<\/div>\n\t\t\t\t\t\t<\/div>\n\t\t\t\t<\/div>\n\t\t\t\t<div class=\"elementor-element elementor-element-7ba8f38 elementor-widget elementor-widget-text-editor\" data-id=\"7ba8f38\" data-element_type=\"widget\" data-widget_type=\"text-editor.default\">\n\t\t\t\t<div class=\"elementor-widget-container\">\n\t\t\t\t\t\t\t\t\t<p>Au printemps 2023, un moment particulier a marqu\u00e9 l&#8217;histoire des Miatas : l&#8217;ann\u00e9e o\u00f9 nous avons r\u00e9alis\u00e9 une vid\u00e9o promotionnelle. Ce projet a r\u00e9uni des propri\u00e9taires et des passionn\u00e9s de l&#8217;embl\u00e9matique Mazda MX-5 pour c\u00e9l\u00e9brer la joie et la libert\u00e9 de conduire ce mod\u00e8le tant aim\u00e9. Avec des paysages baign\u00e9s de soleil, une peinture brillante et le son des moteurs qui tournent, la vid\u00e9o capture l&#8217;atmosph\u00e8re unique de la communaut\u00e9 Miata et met en valeur le plaisir intemporel que cette voiture offre. Ce fut un \u00e9t\u00e9 inoubliable, o\u00f9 passion et cr\u00e9ativit\u00e9 se sont fondus pour cr\u00e9er un chef-d&#8217;\u0153uvre cin\u00e9matographique.<\/p>\t\t\t\t\t\t\t\t<\/div>\n\t\t\t\t<\/div>\n\t\t\t\t\t<\/div>\n\t\t\t\t<\/div>\n\t\t\t\t<\/div>\n\t\t","protected":false},"excerpt":{"rendered":"<p>Comment cet \u00e9v\u00e9nement majeur est n\u00e9 :Miatas At Summertime, anciennement Miatas At Sevenum, n&#8217;est pas un \u00e9v\u00e9nement qui a \u00e9t\u00e9 \u00ab invent\u00e9 sur un coup de t\u00eate \u00bb. C&#8217;est une id\u00e9e qui mijotait depuis des ann\u00e9es parmi divers amis et connaissances de la communaut\u00e9 MX-5. Pendant des ann\u00e9es, nous nous sommes crois\u00e9s lors de diff\u00e9rents [&hellip;]<\/p>\n","protected":false},"author":1,"featured_media":0,"parent":0,"menu_order":0,"comment_status":"closed","ping_status":"closed","template":"","meta":{"footnotes":""},"class_list":["post-1573","page","type-page","status-publish","hentry"],"_links":{"self":[{"href":"https:\/\/miatasatsummertime.eu\/index.php\/wp-json\/wp\/v2\/pages\/1573","targetHints":{"allow":["GET"]}}],"collection":[{"href":"https:\/\/miatasatsummertime.eu\/index.php\/wp-json\/wp\/v2\/pages"}],"about":[{"href":"https:\/\/miatasatsummertime.eu\/index.php\/wp-json\/wp\/v2\/types\/page"}],"author":[{"embeddable":true,"href":"https:\/\/miatasatsummertime.eu\/index.php\/wp-json\/wp\/v2\/users\/1"}],"replies":[{"embeddable":true,"href":"https:\/\/miatasatsummertime.eu\/index.php\/wp-json\/wp\/v2\/comments?post=1573"}],"version-history":[{"count":4,"href":"https:\/\/miatasatsummertime.eu\/index.php\/wp-json\/wp\/v2\/pages\/1573\/revisions"}],"predecessor-version":[{"id":1577,"href":"https:\/\/miatasatsummertime.eu\/index.php\/wp-json\/wp\/v2\/pages\/1573\/revisions\/1577"}],"wp:attachment":[{"href":"https:\/\/miatasatsummertime.eu\/index.php\/wp-json\/wp\/v2\/media?parent=1573"}],"curies":[{"name":"wp","href":"https:\/\/api.w.org\/{rel}","templated":true}]}}