{"id":1568,"date":"2024-12-08T06:40:25","date_gmt":"2024-12-08T06:40:25","guid":{"rendered":"https:\/\/miatasatsummertime.eu\/?page_id=1568"},"modified":"2024-12-08T06:41:57","modified_gmt":"2024-12-08T06:41:57","slug":"geschiedenis-de","status":"publish","type":"page","link":"https:\/\/miatasatsummertime.eu\/index.php\/de\/geschiedenis-de\/","title":{"rendered":"Geschiedenis (de)"},"content":{"rendered":"\t\t<div data-elementor-type=\"wp-page\" data-elementor-id=\"1568\" class=\"elementor elementor-1568\" data-elementor-post-type=\"page\">\n\t\t\t\t<div class=\"elementor-element elementor-element-69ee3ef e-flex e-con-boxed e-con e-parent\" data-id=\"69ee3ef\" data-element_type=\"container\">\n\t\t\t\t\t<div class=\"e-con-inner\">\n\t\t<div class=\"elementor-element elementor-element-adf903b e-con-full e-flex e-con e-child\" data-id=\"adf903b\" data-element_type=\"container\">\n\t\t\t\t<div class=\"elementor-element elementor-element-36e1a61 elementor-widget elementor-widget-text-editor\" data-id=\"36e1a61\" data-element_type=\"widget\" data-widget_type=\"text-editor.default\">\n\t\t\t\t<div class=\"elementor-widget-container\">\n\t\t\t\t\t\t\t\t\t<p><strong>Wie dieses gro\u00dfe Event entstanden ist:<\/strong><br \/>Miatas At Summertime, fr\u00fcher Miatas At Sevenum, ist kein Event, das \u201eeinfach so\u201c ins Leben gerufen wurde. Es ist eine Idee, die schon seit Jahren bei verschiedenen Freunden und Bekannten in der MX-5-Gemeinschaft heranreifte. Jahrelang trafen wir uns bei verschiedenen nationalen und auch internationalen Veranstaltungen und sagten immer wieder zueinander: \u201eSo ein gro\u00dfes MX-5-Event sollte auch in den Niederlanden m\u00f6glich sein.\u201c<\/p><p>Lange blieb es bei Worten, doch dann wurde klar, dass das deutsche Event <em>\u201eTreffen Im Pott\u201c<\/em> 2017 nicht mehr stattfinden konnte. Vor allem, weil das Veranstaltungsgel\u00e4nde neu gestaltet werden sollte, wodurch kein Platz mehr f\u00fcr gro\u00df angelegte Auto-Events vorhanden war. Bei einer Runde an der Bar riefen wir dann scherzhaft: \u201eDann machen wir es eben bei uns!\u201c<\/p>\t\t\t\t\t\t\t\t<\/div>\n\t\t\t\t<\/div>\n\t\t\t\t<\/div>\n\t\t<div class=\"elementor-element elementor-element-0b7ac99 e-con-full e-flex e-con e-child\" data-id=\"0b7ac99\" data-element_type=\"container\">\n\t\t\t\t<div class=\"elementor-element elementor-element-36d238d elementor-widget elementor-widget-image\" data-id=\"36d238d\" data-element_type=\"widget\" data-widget_type=\"image.default\">\n\t\t\t\t<div class=\"elementor-widget-container\">\n\t\t\t\t\t\t\t\t\t\t\t\t\t\t\t<img fetchpriority=\"high\" decoding=\"async\" width=\"800\" height=\"534\" src=\"https:\/\/miatasatsummertime.eu\/wp-content\/uploads\/2024\/11\/MAS2024-1024x683.jpg\" class=\"attachment-large size-large wp-image-674\" alt=\"\" srcset=\"https:\/\/miatasatsummertime.eu\/wp-content\/uploads\/2024\/11\/MAS2024-1024x683.jpg 1024w, https:\/\/miatasatsummertime.eu\/wp-content\/uploads\/2024\/11\/MAS2024-300x200.jpg 300w, https:\/\/miatasatsummertime.eu\/wp-content\/uploads\/2024\/11\/MAS2024-768x512.jpg 768w, https:\/\/miatasatsummertime.eu\/wp-content\/uploads\/2024\/11\/MAS2024-1536x1025.jpg 1536w, https:\/\/miatasatsummertime.eu\/wp-content\/uploads\/2024\/11\/MAS2024.jpg 2048w\" sizes=\"(max-width: 800px) 100vw, 800px\" \/>\t\t\t\t\t\t\t\t\t\t\t\t\t\t\t<\/div>\n\t\t\t\t<\/div>\n\t\t\t\t<\/div>\n\t\t\t\t\t<\/div>\n\t\t\t\t<\/div>\n\t\t<div class=\"elementor-element elementor-element-2785ae1 e-flex e-con-boxed e-con e-parent\" data-id=\"2785ae1\" data-element_type=\"container\">\n\t\t\t\t\t<div class=\"e-con-inner\">\n\t\t\t\t<div class=\"elementor-element elementor-element-02af9e7 elementor-widget elementor-widget-text-editor\" data-id=\"02af9e7\" data-element_type=\"widget\" data-widget_type=\"text-editor.default\">\n\t\t\t\t<div class=\"elementor-widget-container\">\n\t\t\t\t\t\t\t\t\t<p>Und so geschah es, dass Miatas at Sevenum 2017 zum ersten Mal als Experiment organisiert wurde. Es stellte sich als gro\u00dfer Erfolg heraus. Ein gro\u00dfes MX-5-Treffen, das nach der \u201eSpring Rallye\u201c des englischen Clubs und dem \u201eTreffen im Pott\u201c in Deutschland modelliert wurde. Es erinnert ein wenig an das MX-5-Fest, das Mazda Niederlande zum 20. Jubil\u00e4um des MX-5 auf dem RDW-Gel\u00e4nde veranstaltete.<\/p><p>2018 folgte die zweite Ausgabe mit noch mehr MX-5-Liebhabern und ihren Autos, womit 2018 die erste Ausgabe bei Weitem \u00fcbertroffen wurde. Der Erfolg war so gro\u00df, dass viele schon gespannt auf die n\u00e4chste Ausgabe warteten, MAS 2019!!<\/p><p>MAS 2019 versprach, noch gr\u00f6\u00dfer, besser und sch\u00f6ner zu werden als die vorherigen Ausgaben. Und zum 30-j\u00e4hrigen MX-5-Jubil\u00e4um wollten wir wieder ein spektakul\u00e4res Wochenende erleben!<\/p><p>2020 und 2021 gab es keine Ausgabe aufgrund des Corona-Virus, aber das holen wir 2022 wieder nach.<\/p><p>2020 mussten wir zudem ein neues Gel\u00e4nde finden, wodurch wir den Namen unserer Veranstaltung in Miatas At Summertime ge\u00e4ndert haben.<\/p>\t\t\t\t\t\t\t\t<\/div>\n\t\t\t\t<\/div>\n\t\t\t\t\t<\/div>\n\t\t\t\t<\/div>\n\t\t<div class=\"elementor-element elementor-element-b527122 e-grid e-con-boxed e-con e-parent\" data-id=\"b527122\" data-element_type=\"container\">\n\t\t\t\t\t<div class=\"e-con-inner\">\n\t\t\t\t<div class=\"elementor-element elementor-element-2e42ab0 elementor-widget elementor-widget-video\" data-id=\"2e42ab0\" data-element_type=\"widget\" data-settings=\"{&quot;youtube_url&quot;:&quot;https:\\\/\\\/www.youtube.com\\\/watch?v=ivQEgz8YteI&quot;,&quot;autoplay&quot;:&quot;yes&quot;,&quot;video_type&quot;:&quot;youtube&quot;,&quot;controls&quot;:&quot;yes&quot;}\" data-widget_type=\"video.default\">\n\t\t\t\t<div class=\"elementor-widget-container\">\n\t\t\t\t\t\t\t<div class=\"elementor-wrapper elementor-open-inline\">\n\t\t\t<div class=\"elementor-video\"><\/div>\t\t<\/div>\n\t\t\t\t\t\t<\/div>\n\t\t\t\t<\/div>\n\t\t\t\t<div class=\"elementor-element elementor-element-7ba8f38 elementor-widget elementor-widget-text-editor\" data-id=\"7ba8f38\" data-element_type=\"widget\" data-widget_type=\"text-editor.default\">\n\t\t\t\t<div class=\"elementor-widget-container\">\n\t\t\t\t\t\t\t\t\t<p>Im Fr\u00fchjahr 2023 wurde ein besonderer Moment in der Geschichte von Miatas markiert: das Jahr, in dem wir ein Promo-Video gemacht haben. Dieses Projekt brachte Besitzer und Enthusiasten des ikonischen Mazda MX-5 zusammen, um die Freude und Freiheit des Fahrens dieses geliebten Modells zu feiern. Mit sonnendurchfluteten Landschaften, gl\u00e4nzendem Lack und dem Klang von Motoren, die sich drehten, f\u00e4ngt das Video die einzigartige Atmosph\u00e4re der Miata-Gemeinschaft ein und betont das zeitlose Vergn\u00fcgen, das dieses Auto bietet. Es war ein Sommer, den man nie vergessen wird, in dem Leidenschaft und Kreativit\u00e4t zu einem filmischen Meisterwerk verschmolzen.<\/p>\t\t\t\t\t\t\t\t<\/div>\n\t\t\t\t<\/div>\n\t\t\t\t\t<\/div>\n\t\t\t\t<\/div>\n\t\t\t\t<\/div>\n\t\t","protected":false},"excerpt":{"rendered":"<p>Wie dieses gro\u00dfe Event entstanden ist:Miatas At Summertime, fr\u00fcher Miatas At Sevenum, ist kein Event, das \u201eeinfach so\u201c ins Leben gerufen wurde. Es ist eine Idee, die schon seit Jahren bei verschiedenen Freunden und Bekannten in der MX-5-Gemeinschaft heranreifte. Jahrelang trafen wir uns bei verschiedenen nationalen und auch internationalen Veranstaltungen und sagten immer wieder zueinander: [&hellip;]<\/p>\n","protected":false},"author":1,"featured_media":0,"parent":0,"menu_order":0,"comment_status":"closed","ping_status":"closed","template":"","meta":{"footnotes":""},"class_list":["post-1568","page","type-page","status-publish","hentry"],"_links":{"self":[{"href":"https:\/\/miatasatsummertime.eu\/index.php\/wp-json\/wp\/v2\/pages\/1568","targetHints":{"allow":["GET"]}}],"collection":[{"href":"https:\/\/miatasatsummertime.eu\/index.php\/wp-json\/wp\/v2\/pages"}],"about":[{"href":"https:\/\/miatasatsummertime.eu\/index.php\/wp-json\/wp\/v2\/types\/page"}],"author":[{"embeddable":true,"href":"https:\/\/miatasatsummertime.eu\/index.php\/wp-json\/wp\/v2\/users\/1"}],"replies":[{"embeddable":true,"href":"https:\/\/miatasatsummertime.eu\/index.php\/wp-json\/wp\/v2\/comments?post=1568"}],"version-history":[{"count":4,"href":"https:\/\/miatasatsummertime.eu\/index.php\/wp-json\/wp\/v2\/pages\/1568\/revisions"}],"predecessor-version":[{"id":1572,"href":"https:\/\/miatasatsummertime.eu\/index.php\/wp-json\/wp\/v2\/pages\/1568\/revisions\/1572"}],"wp:attachment":[{"href":"https:\/\/miatasatsummertime.eu\/index.php\/wp-json\/wp\/v2\/media?parent=1568"}],"curies":[{"name":"wp","href":"https:\/\/api.w.org\/{rel}","templated":true}]}}