{"id":1536,"date":"2024-12-08T06:25:03","date_gmt":"2024-12-08T06:25:03","guid":{"rendered":"https:\/\/miatasatsummertime.eu\/?page_id=1536"},"modified":"2024-12-09T17:36:52","modified_gmt":"2024-12-09T17:36:52","slug":"elementor-1536","status":"publish","type":"page","link":"https:\/\/miatasatsummertime.eu\/index.php\/de\/elementor-1536\/","title":{"rendered":"Unsere treffen"},"content":{"rendered":"\t\t<div data-elementor-type=\"wp-page\" data-elementor-id=\"1536\" class=\"elementor elementor-1536\" data-elementor-post-type=\"page\">\n\t\t\t\t<div class=\"elementor-element elementor-element-1a530d0 e-flex e-con-boxed e-con e-parent\" data-id=\"1a530d0\" data-element_type=\"container\">\n\t\t\t\t\t<div class=\"e-con-inner\">\n\t\t\t\t<div class=\"elementor-element elementor-element-85b1a5f elementor-widget elementor-widget-text-editor\" data-id=\"85b1a5f\" data-element_type=\"widget\" data-widget_type=\"text-editor.default\">\n\t\t\t\t<div class=\"elementor-widget-container\">\n\t\t\t\t\t\t\t\t\t<h4><span style=\"text-decoration: underline;\">Willkommen bei Miatas At Summertime,<\/span><\/h4><h4>dem ersten mehrt\u00e4gigen internationalen MX-5-Event in den Niederlanden. Gemeinsam mit euch machen wir daraus ein gro\u00dfes MX-5-Fest. Unten findet ihr einige der Aktivit\u00e4ten, die wir f\u00fcr unsere G\u00e4ste organisieren.<\/h4>\t\t\t\t\t\t\t\t<\/div>\n\t\t\t\t<\/div>\n\t\t\t\t\t<\/div>\n\t\t\t\t<\/div>\n\t\t<div class=\"elementor-element elementor-element-20fe88a e-flex e-con-boxed e-con e-parent\" data-id=\"20fe88a\" data-element_type=\"container\">\n\t\t\t\t\t<div class=\"e-con-inner\">\n\t\t<div class=\"elementor-element elementor-element-ef17390 e-con-full e-flex e-con e-child\" data-id=\"ef17390\" data-element_type=\"container\">\n\t\t\t\t<div class=\"elementor-element elementor-element-20e0ca4 elementor-widget elementor-widget-text-editor\" data-id=\"20e0ca4\" data-element_type=\"widget\" data-widget_type=\"text-editor.default\">\n\t\t\t\t<div class=\"elementor-widget-container\">\n\t\t\t\t\t\t\t\t\t<p><strong>Touren:<\/strong><\/p><p>Am Samstag stellen wir Routenbeschreibungen zur Verf\u00fcgung, mit denen Sie auf verschiedene Weise die Region erkunden k\u00f6nnen. Einige dieser Routen f\u00fchren sogar \u00fcber die Grenze nach Deutschland. Rechnen Sie mit einer Fahrzeit von 1,5 bis 2 Stunden \u2013 l\u00e4nger, wenn Sie unterwegs eine Kaffeepause einlegen oder sich verfahren.<\/p>\t\t\t\t\t\t\t\t<\/div>\n\t\t\t\t<\/div>\n\t\t\t\t<\/div>\n\t\t<div class=\"elementor-element elementor-element-ccab720 e-con-full e-flex e-con e-child\" data-id=\"ccab720\" data-element_type=\"container\">\n\t\t\t\t<div class=\"elementor-element elementor-element-f5b5586 elementor-widget elementor-widget-image\" data-id=\"f5b5586\" data-element_type=\"widget\" data-widget_type=\"image.default\">\n\t\t\t\t<div class=\"elementor-widget-container\">\n\t\t\t\t\t\t\t\t\t\t\t\t\t\t\t<img fetchpriority=\"high\" decoding=\"async\" width=\"800\" height=\"457\" src=\"https:\/\/miatasatsummertime.eu\/wp-content\/uploads\/2024\/11\/DALL\u00b7E-2024-11-09-09.39.18-An-older-model-Mazda-MX-5-driving-through-a-classic-Dutch-landscape.-The-car-has-a-vintage-look-with-its-iconic-round-headlights-and-compact-design--1024x585.webp\" class=\"attachment-large size-large wp-image-800\" alt=\"\" srcset=\"https:\/\/miatasatsummertime.eu\/wp-content\/uploads\/2024\/11\/DALL\u00b7E-2024-11-09-09.39.18-An-older-model-Mazda-MX-5-driving-through-a-classic-Dutch-landscape.-The-car-has-a-vintage-look-with-its-iconic-round-headlights-and-compact-design--1024x585.webp 1024w, https:\/\/miatasatsummertime.eu\/wp-content\/uploads\/2024\/11\/DALL\u00b7E-2024-11-09-09.39.18-An-older-model-Mazda-MX-5-driving-through-a-classic-Dutch-landscape.-The-car-has-a-vintage-look-with-its-iconic-round-headlights-and-compact-design--300x171.webp 300w, https:\/\/miatasatsummertime.eu\/wp-content\/uploads\/2024\/11\/DALL\u00b7E-2024-11-09-09.39.18-An-older-model-Mazda-MX-5-driving-through-a-classic-Dutch-landscape.-The-car-has-a-vintage-look-with-its-iconic-round-headlights-and-compact-design--768x439.webp 768w, https:\/\/miatasatsummertime.eu\/wp-content\/uploads\/2024\/11\/DALL\u00b7E-2024-11-09-09.39.18-An-older-model-Mazda-MX-5-driving-through-a-classic-Dutch-landscape.-The-car-has-a-vintage-look-with-its-iconic-round-headlights-and-compact-design--1536x878.webp 1536w, https:\/\/miatasatsummertime.eu\/wp-content\/uploads\/2024\/11\/DALL\u00b7E-2024-11-09-09.39.18-An-older-model-Mazda-MX-5-driving-through-a-classic-Dutch-landscape.-The-car-has-a-vintage-look-with-its-iconic-round-headlights-and-compact-design-.webp 1792w\" sizes=\"(max-width: 800px) 100vw, 800px\" \/>\t\t\t\t\t\t\t\t\t\t\t\t\t\t\t<\/div>\n\t\t\t\t<\/div>\n\t\t\t\t<\/div>\n\t\t\t\t\t<\/div>\n\t\t\t\t<\/div>\n\t\t<div class=\"elementor-element elementor-element-e4c6244 e-flex e-con-boxed e-con e-parent\" data-id=\"e4c6244\" data-element_type=\"container\">\n\t\t\t\t\t<div class=\"e-con-inner\">\n\t\t<div class=\"elementor-element elementor-element-ca09301 e-con-full e-flex e-con e-child\" data-id=\"ca09301\" data-element_type=\"container\">\n\t\t\t\t<div class=\"elementor-element elementor-element-46aec2c elementor-widget elementor-widget-image\" data-id=\"46aec2c\" data-element_type=\"widget\" data-widget_type=\"image.default\">\n\t\t\t\t<div class=\"elementor-widget-container\">\n\t\t\t\t\t\t\t\t\t\t\t\t\t\t\t<img decoding=\"async\" width=\"800\" height=\"534\" src=\"https:\/\/miatasatsummertime.eu\/wp-content\/uploads\/2024\/11\/image00033-1024x683.jpeg\" class=\"attachment-large size-large wp-image-581\" alt=\"\" srcset=\"https:\/\/miatasatsummertime.eu\/wp-content\/uploads\/2024\/11\/image00033-1024x683.jpeg 1024w, https:\/\/miatasatsummertime.eu\/wp-content\/uploads\/2024\/11\/image00033-300x200.jpeg 300w, https:\/\/miatasatsummertime.eu\/wp-content\/uploads\/2024\/11\/image00033-768x512.jpeg 768w, https:\/\/miatasatsummertime.eu\/wp-content\/uploads\/2024\/11\/image00033-1536x1024.jpeg 1536w, https:\/\/miatasatsummertime.eu\/wp-content\/uploads\/2024\/11\/image00033-2048x1365.jpeg 2048w\" sizes=\"(max-width: 800px) 100vw, 800px\" \/>\t\t\t\t\t\t\t\t\t\t\t\t\t\t\t<\/div>\n\t\t\t\t<\/div>\n\t\t\t\t<\/div>\n\t\t<div class=\"elementor-element elementor-element-a4f9e71 e-con-full e-flex e-con e-child\" data-id=\"a4f9e71\" data-element_type=\"container\">\n\t\t\t\t<div class=\"elementor-element elementor-element-81d09a9 elementor-widget elementor-widget-text-editor\" data-id=\"81d09a9\" data-element_type=\"widget\" data-widget_type=\"text-editor.default\">\n\t\t\t\t<div class=\"elementor-widget-container\">\n\t\t\t\t\t\t\t\t\t<p><strong>Lichterparade<\/strong><\/p><p>Am Samstag, wenn die Sonne untergeht, machen wir etwas ganz Besonderes.<br \/>Etwas, das uns das Licht in der Dunkelheit zeigt und gleichzeitig die M\u00f6glichkeit bietet, unsere Mazdas von einer anderen Seite zu pr\u00e4sentieren.<\/p><p>Dekorieren Sie Ihren Mazda so kreativ (und auff\u00e4llig) wie m\u00f6glich mit zus\u00e4tzlicher Beleuchtung und nehmen Sie an der Lichterparade teil. Eine fachkundige Jury wird beurteilen, welches Auto am auff\u00e4lligsten dekoriert ist!<\/p><p>Der Gewinner darf sich \u00fcber ein tolles Preis-Paket freuen.<\/p>\t\t\t\t\t\t\t\t<\/div>\n\t\t\t\t<\/div>\n\t\t\t\t<\/div>\n\t\t\t\t\t<\/div>\n\t\t\t\t<\/div>\n\t\t<div class=\"elementor-element elementor-element-3695f85 e-flex e-con-boxed e-con e-parent\" data-id=\"3695f85\" data-element_type=\"container\">\n\t\t\t\t\t<div class=\"e-con-inner\">\n\t\t<div class=\"elementor-element elementor-element-675a53a e-con-full e-flex e-con e-child\" data-id=\"675a53a\" data-element_type=\"container\">\n\t\t\t\t<div class=\"elementor-element elementor-element-b598e07 elementor-widget elementor-widget-text-editor\" data-id=\"b598e07\" data-element_type=\"widget\" data-widget_type=\"text-editor.default\">\n\t\t\t\t<div class=\"elementor-widget-container\">\n\t\t\t\t\t\t\t\t\t<p><strong>Show &amp; Shine \/ Concours<\/strong><\/p><p>Bei der Anmeldung erhalten Sie ein Formular, auf dem Sie Ihren Favoriten in vier Kategorien (NA, NB, NC und ND) angeben k\u00f6nnen. Tragen Sie einfach die Teilnehmernummer in das Formular ein und geben Sie es bis sp\u00e4testens 15:00 Uhr am Infostand ab. Auch Ihr eigenes Auto nimmt an der Preisvergabe teil!<\/p><p><strong>Dellenentfernung ohne Lackieren:<\/strong><\/p><p>Wir haben einen echten Beulen-Zauberer engagiert, der am Samstag kleine Parkdellen m\u00fchelos aus Ihrem Blech gl\u00e4tten kann. Melden Sie sich hierf\u00fcr direkt beim Dellenexperten. Bitte beachten Sie, dass hierf\u00fcr zus\u00e4tzliche Kosten anfallen.<\/p>\t\t\t\t\t\t\t\t<\/div>\n\t\t\t\t<\/div>\n\t\t\t\t<\/div>\n\t\t<div class=\"elementor-element elementor-element-5b9ee61 e-con-full e-flex e-con e-child\" data-id=\"5b9ee61\" data-element_type=\"container\">\n\t\t\t\t<div class=\"elementor-element elementor-element-315f319 elementor-widget elementor-widget-image\" data-id=\"315f319\" data-element_type=\"widget\" data-widget_type=\"image.default\">\n\t\t\t\t<div class=\"elementor-widget-container\">\n\t\t\t\t\t\t\t\t\t\t\t\t\t\t\t<img decoding=\"async\" width=\"800\" height=\"457\" src=\"https:\/\/miatasatsummertime.eu\/wp-content\/uploads\/2024\/11\/DALL\u00b7E-2024-11-09-09.36.35-A-Mazda-MX-5-car-in-a-Show-and-Shine-setting-during-twilight-at-a-campsite.-The-scene-has-a-warm-atmospheric-glow-as-evening-sets-in-with-subtle-l-1024x585.webp\" class=\"attachment-large size-large wp-image-799\" alt=\"\" srcset=\"https:\/\/miatasatsummertime.eu\/wp-content\/uploads\/2024\/11\/DALL\u00b7E-2024-11-09-09.36.35-A-Mazda-MX-5-car-in-a-Show-and-Shine-setting-during-twilight-at-a-campsite.-The-scene-has-a-warm-atmospheric-glow-as-evening-sets-in-with-subtle-l-1024x585.webp 1024w, https:\/\/miatasatsummertime.eu\/wp-content\/uploads\/2024\/11\/DALL\u00b7E-2024-11-09-09.36.35-A-Mazda-MX-5-car-in-a-Show-and-Shine-setting-during-twilight-at-a-campsite.-The-scene-has-a-warm-atmospheric-glow-as-evening-sets-in-with-subtle-l-300x171.webp 300w, https:\/\/miatasatsummertime.eu\/wp-content\/uploads\/2024\/11\/DALL\u00b7E-2024-11-09-09.36.35-A-Mazda-MX-5-car-in-a-Show-and-Shine-setting-during-twilight-at-a-campsite.-The-scene-has-a-warm-atmospheric-glow-as-evening-sets-in-with-subtle-l-768x439.webp 768w, https:\/\/miatasatsummertime.eu\/wp-content\/uploads\/2024\/11\/DALL\u00b7E-2024-11-09-09.36.35-A-Mazda-MX-5-car-in-a-Show-and-Shine-setting-during-twilight-at-a-campsite.-The-scene-has-a-warm-atmospheric-glow-as-evening-sets-in-with-subtle-l-1536x878.webp 1536w, https:\/\/miatasatsummertime.eu\/wp-content\/uploads\/2024\/11\/DALL\u00b7E-2024-11-09-09.36.35-A-Mazda-MX-5-car-in-a-Show-and-Shine-setting-during-twilight-at-a-campsite.-The-scene-has-a-warm-atmospheric-glow-as-evening-sets-in-with-subtle-l.webp 1792w\" sizes=\"(max-width: 800px) 100vw, 800px\" \/>\t\t\t\t\t\t\t\t\t\t\t\t\t\t\t<\/div>\n\t\t\t\t<\/div>\n\t\t\t\t<\/div>\n\t\t\t\t\t<\/div>\n\t\t\t\t<\/div>\n\t\t\t\t<\/div>\n\t\t","protected":false},"excerpt":{"rendered":"<p>Willkommen bei Miatas At Summertime, dem ersten mehrt\u00e4gigen internationalen MX-5-Event in den Niederlanden. Gemeinsam mit euch machen wir daraus ein gro\u00dfes MX-5-Fest. Unten findet ihr einige der Aktivit\u00e4ten, die wir f\u00fcr unsere G\u00e4ste organisieren. Touren: Am Samstag stellen wir Routenbeschreibungen zur Verf\u00fcgung, mit denen Sie auf verschiedene Weise die Region erkunden k\u00f6nnen. Einige dieser Routen [&hellip;]<\/p>\n","protected":false},"author":1,"featured_media":0,"parent":0,"menu_order":0,"comment_status":"closed","ping_status":"closed","template":"","meta":{"footnotes":""},"class_list":["post-1536","page","type-page","status-publish","hentry"],"_links":{"self":[{"href":"https:\/\/miatasatsummertime.eu\/index.php\/wp-json\/wp\/v2\/pages\/1536","targetHints":{"allow":["GET"]}}],"collection":[{"href":"https:\/\/miatasatsummertime.eu\/index.php\/wp-json\/wp\/v2\/pages"}],"about":[{"href":"https:\/\/miatasatsummertime.eu\/index.php\/wp-json\/wp\/v2\/types\/page"}],"author":[{"embeddable":true,"href":"https:\/\/miatasatsummertime.eu\/index.php\/wp-json\/wp\/v2\/users\/1"}],"replies":[{"embeddable":true,"href":"https:\/\/miatasatsummertime.eu\/index.php\/wp-json\/wp\/v2\/comments?post=1536"}],"version-history":[{"count":6,"href":"https:\/\/miatasatsummertime.eu\/index.php\/wp-json\/wp\/v2\/pages\/1536\/revisions"}],"predecessor-version":[{"id":1755,"href":"https:\/\/miatasatsummertime.eu\/index.php\/wp-json\/wp\/v2\/pages\/1536\/revisions\/1755"}],"wp:attachment":[{"href":"https:\/\/miatasatsummertime.eu\/index.php\/wp-json\/wp\/v2\/media?parent=1536"}],"curies":[{"name":"wp","href":"https:\/\/api.w.org\/{rel}","templated":true}]}}