{"id":1428,"date":"2024-12-07T12:54:39","date_gmt":"2024-12-07T12:54:39","guid":{"rendered":"https:\/\/miatasatsummertime.eu\/?page_id=1428"},"modified":"2024-12-07T12:55:01","modified_gmt":"2024-12-07T12:55:01","slug":"privacyverklaring-de","status":"publish","type":"page","link":"https:\/\/miatasatsummertime.eu\/index.php\/de\/privacyverklaring-de\/","title":{"rendered":"Privacyverklaring (de)"},"content":{"rendered":"\t\t<div data-elementor-type=\"wp-page\" data-elementor-id=\"1428\" class=\"elementor elementor-1428\" data-elementor-post-type=\"page\">\n\t\t\t\t<div class=\"elementor-element elementor-element-7ff7312 e-flex e-con-boxed e-con e-parent\" data-id=\"7ff7312\" data-element_type=\"container\">\n\t\t\t\t\t<div class=\"e-con-inner\">\n\t\t\t\t<div class=\"elementor-element elementor-element-264928e elementor-widget elementor-widget-text-editor\" data-id=\"264928e\" data-element_type=\"widget\" data-widget_type=\"text-editor.default\">\n\t\t\t\t<div class=\"elementor-widget-container\">\n\t\t\t\t\t\t\t\t\t<section id=\"section-id-1665342830893\" class=\"sppb-section\"><div class=\"sppb-row-container\"><div class=\"sppb-row\"><div id=\"column-wrap-id-1665342830892\" class=\"sppb-row-column \"><div id=\"column-id-1665342830892\" class=\"sppb-column \"><div class=\"sppb-column-addons\"><div id=\"sppb-addon-wrapper-1665342859074\" class=\"sppb-addon-wrapper addon-root-heading\"><div id=\"sppb-addon-1665342859074\" class=\"clearfix \"><div class=\"sppb-addon sppb-addon-header\"><section id=\"section-id-1665342830893\" class=\"sppb-section\"><div class=\"sppb-row-container\"><div class=\"sppb-row\"><div id=\"column-wrap-id-1665342830892\" class=\"sppb-row-column  \"><div id=\"column-id-1665342830892\" class=\"sppb-column \"><div class=\"sppb-column-addons\"><div id=\"sppb-addon-wrapper-1665342859074\" class=\"sppb-addon-wrapper  addon-root-heading\"><div id=\"sppb-addon-1665342859074\" class=\"clearfix  \"><div class=\"sppb-addon sppb-addon-header\"><h3 class=\"sppb-addon-title\">Datenschutzerkl\u00e4rung<\/h3><\/div><\/div><\/div><\/div><\/div><\/div><\/div><\/div><\/section><section id=\"section-id-1665342830911\" class=\"sppb-section\"><div class=\"sppb-row-container\"><div class=\"sppb-row\"><div id=\"column-wrap-id-1665342830910\" class=\"sppb-row-column  \"><div id=\"column-id-1665342830910\" class=\"sppb-column \"><div class=\"sppb-column-addons\"><div id=\"sppb-addon-wrapper-1665342882727\" class=\"sppb-addon-wrapper  addon-root-text-block\"><div id=\"sppb-addon-1665342882727\" class=\"clearfix  \"><div class=\"sppb-addon sppb-addon-text-block \"><div class=\"sppb-addon-content\"><p><strong>Stiftung Miata Team Holland, ist verantwortlich f\u00fcr die Verarbeitung von pers\u00f6nlichen Daten wie in dieser Datenschutzerkl\u00e4rung wiedergegeben.<\/strong><\/p><p><strong>Kontaktdaten:<\/strong><\/p><p><a href=\"https:\/\/www.miatasatsummertime.eu\">https:\/\/www.miatasatsummertime.eu<\/a><br \/><a href=\"mailto:contact@miatasatsummertime.eu\">contact@miatasatsummertime.eu<\/a><\/p><p>Verantwortlich f\u00fcr den Datenschutz der Stichting Miata Team Holland kann \u00fcber\u00a0<a href=\"mailto:contact@miatasatsummertime.eu\">contact@miatasatsummertime.eu<\/a>erreicht werden<\/p><p><strong>Pers\u00f6nliche Daten die wir verarbeiten:<\/strong><\/p><p>Stiftung Miata Team Holland verarbeitet Ihre pers\u00f6nlichen Daten und gibt ihnen die M\u00f6glichkeit unsere Dienste zu nutzen.<\/p><p>Im Folgenden finden Sie eine Liste der pers\u00f6nlichen Daten, die wir verarbeiten:<\/p><p>&#8211; E-Mail Adresse<\/p><p>&#8211; Standort<\/p><p><strong>Spezielle pers\u00f6nliche Daten, die wir verarbeiten:<\/strong><\/p><p>Auf unsere Website beabsichtigen wir nicht, Informationen \u00fcber<\/p><p>Website-Besucher zu sammeln, die j\u00fcnger als 16 Jahre sind, sofern sie die Berechtigung von Eltern \u00a0oder Erziehungsberechtigten haben.<\/p><p>Jedoch k\u00f6nnen wir nicht immer \u00fcberpr\u00fcfen, ob ein Besucher \u00fcber 16 Jahren ist. \u00a0Wir ermutigen Eltern, dass Sie die Online-Aktivit\u00e4ten ihrer Kinder kontrollieren, so dass diese Daten \u00fcber ihre Kinder ohne<\/p><p>elterliche Zustimmung nicht gesammelt werden. Wenn Sie \u00fcberzeugt sind, dass wir personenbezogene Daten ohne die Zustimmung eines Minderj\u00e4hrigen gesammelt haben, bitte kontaktieren Sie uns unter<\/p><p><a style=\"font-size: initial;\" href=\"mailto:contact@miatasatsummertime.eu\">contact@miatasatsummertime.eu<\/a>, dann werden wir diese Informationen<\/p><p>sofort entfernen.<\/p><p><strong>Die pers\u00f6nlichen Daten:<\/strong><\/p><p>Stiftung Miata Team Holland verarbeitet Ihre pers\u00f6nlichen Daten f\u00fcr folgende Zwecke:<\/p><p>Waren und Dienstleistungen zu Lieferungen<\/p><p><strong>Automatisierte Entscheidungen :<\/strong><\/p><p>Stiftung Miata Team Holland \u00fcbernimmt keine Verantwortung \u00fcber Angelegenheiten auf Grundlage der automatisierten Verarbeitung<\/p><p><strong>Grundlage f\u00fcr die Speicherung von pers\u00f6nlichen Daten:<\/strong><\/p><p>E-mail Adresse: Die betreffende Person stimmt zu, dass seine pers\u00f6nlichen Daten f\u00fcr die Verarbeitung eine oder mehrere bestimmte Zwecke eingeholt werden d\u00fcrfen.<\/p><p>Standort : Die betreffende Person stimmt zu, dass seine pers\u00f6nlichen Daten f\u00fcr die Verarbeitung eine oder mehrere bestimmte Zwecke eingeholt werden d\u00fcrfen.<\/p><p><strong>Wie lange speichern wir diese Daten:<\/strong><\/p><p>Stiftung Miata Team Holland speichert Ihre pers\u00f6nliche Daten nicht l\u00e4nger als unbedingt notwendig.<\/p><p>Wir wenden folgende Aufbewahrungsfristen f\u00fcr die folgenden (Kategorien) von Daten an:<\/p><p>Pers\u00f6nliche Daten (Kategorie) &gt; Aufbewahrungsfrist \u00a0 \u00a0 \u00a0 \u00a0 &gt; \u00a0Grund<\/p><p>E-Mail Adressen \u00a0 \u00a0 \u00a0 \u00a0 \u00a0 \u00a0 \u00a0 \u00a0 \u00a0 \u00a0 &gt; max. 12 Monate \u00a0 \u00a0 \u00a0 \u00a0 \u00a0 \u00a0 &gt; Anmeldung Event<\/p><p>Standort \u00a0 \u00a0 \u00a0 \u00a0 \u00a0 \u00a0 \u00a0 \u00a0 \u00a0 \u00a0 \u00a0 \u00a0 \u00a0 \u00a0 \u00a0\u00a0 &gt; max. 12 Monate \u00a0 \u00a0 \u00a0 \u00a0 \u00a0 \u00a0 &gt; Anmeldung Event<\/p><p><strong>Weitergabe pers\u00f6nliche Daten an Dritte:<\/strong><\/p><p>Stiftung Miata Team Holland stellt sie nur zur Verf\u00fcgung, wenn diese f\u00fcr eine Umsetzung unseres Vertrages mit ihnen f\u00fcr eine rechtlichen Verpflichtung erforderlich ist.<\/p><p><strong>Cookies oder \u00e4hnliche Techniken:<\/strong><\/p><p>Stiftung Miata Team Holland nutzt nur Funktions-Cookies.<\/p><p>\u00dcbersicht \u00fcber die verwendeten Cookies:<\/p><p>Nachfolgend wird beschrieben, welche Cookies MiatasatSummertime selbst und von Third-Party-Cookies nutzt.<\/p><p>Google Analytics<\/p><p>\u00dcber Google Analytics werden anonymisierte Daten \u00fcber die Surfgewohnheiten auf smile.nl gesammelt. So dass wir sehen k\u00f6nnen, wie die Besucher, die Website nutzen. Wir verwenden diese Informationen, um fundierte Entscheidungen \u00fcber die Gestaltung unserer Website machen zu k\u00f6nnen. Wir optimieren auch das Funktionieren der Website. F\u00fcr die schonende Verarbeitung treffen wir folgende Ma\u00dfnahmen:<\/p><p>Wir haben eine Prozessoren-Vereinbarung mit Google geschlossen;<br \/>Wir haben das letzte Oktett der IP-Adresse maskiert.<br \/>Wir haben alle M\u00f6glichkeiten zum Datenaustausch mit Google &#8220;deaktiviert&#8217;;<br \/>Wir verwenden keine anderen Google-Diensten in Kombination mit den Cookies von Google Analytics.<br \/>M\u00f6chten Sie nicht, dass Ihr Klickverhalten verfolgt wird? Dann k\u00f6nnen Sie ein Browser-Plugin von der Google-Website herunterladen, um dies zu verhindern. Diese Einrichtung gilt dann f\u00fcr alle Websites, die Sie besuchen.<br \/>Hinweis: Das Plugin funktioniert nur f\u00fcr Chrome.<\/p><p><strong>Daten anzeigen, \u00e4ndern oder l\u00f6schen:<\/strong><br \/>Sie haben das Recht, Ihre pers\u00f6nlichen Daten einzusehen, zu korrigieren oder zu l\u00f6schen. Sie haben auch das Recht, Ihre Zustimmung zur Datenverarbeitung zu widerrufen oder der Verarbeitung Ihrer personenbezogenen Daten durch Stichting Miata Team Holland zu widersprechen, und Sie haben das Recht auf Daten\u00fcbertragbarkeit. Dies bedeutet, dass Sie eine Anfrage an uns senden k\u00f6nnen, um die pers\u00f6nlichen Informationen, die wir in Ihrer Computerdatei haben, an Sie oder eine andere von Ihnen erw\u00e4hnte Organisation zu senden.<\/p><p>Sie k\u00f6nnen einen Antrag auf Zugang, Berichtigung, L\u00f6schung, Daten\u00fcbermittlung Ihrer pers\u00f6nlichen Daten oder Antrag auf L\u00f6schung Ihrer Zustimmung oder Einspruch gegen die Verarbeitung Ihrer pers\u00f6nlichen Daten an\u00a0<a href=\"mailto:contact@miatasatsummertime.eu\">contact@miatasatsummertime.eu<\/a>\u00a0senden.<br \/><br \/>Die Miata Team Holland Foundation m\u00f6chte au\u00dferdem darauf hinweisen, dass Sie die M\u00f6glichkeit haben, eine Beschwerde bei der nationalen Aufsichtsbeh\u00f6rde, der niederl\u00e4ndischen Datenschutzbeh\u00f6rde, einzureichen. Dies kann \u00fcber den folgenden Link geschehen:\u00a0<a href=\"https:\/\/autoriteitpersogegegevens.nl\/nl\/contact-met-de-autoriteit-persoonsgegevens\/tip-ons\">https:\/\/autoriteitpersogegegevens.nl\/nl\/contact-met-de-autoriteit-persoonsgegevens\/tip-ons<\/a><\/p><p><strong>Wie sch\u00fctzen wir personenbezogene Daten:<\/strong><br \/>Die Miata Team Holland Foundation nimmt den Schutz Ihrer Daten ernst und ergreift geeignete Ma\u00dfnahmen, um Missbrauch, Verlust, unbefugten Zugriff, unerw\u00fcnschte Offenlegung und nicht autorisierte \u00c4nderungen zu verhindern. Wenn Sie den Eindruck haben, dass Ihre Daten nicht ordnungsgem\u00e4\u00df gesichert sind oder Anzeichen von Missbrauch vorliegen, kontaktieren Sie uns bitte unter\u00a0<a style=\"font-size: initial;\" href=\"mailto:contact@miatasatsummertime.eu\">contact@miatasatsummertime.eu<\/a><\/p><\/div><\/div><\/div><\/div><\/div><\/div><\/div><\/div><\/div><\/section><\/div><\/div><\/div><\/div><\/div><\/div><\/div><\/div><\/section><section id=\"section-id-1665342830911\" class=\"sppb-section\"><div class=\"sppb-row-container\"><div class=\"sppb-row\"><div id=\"column-wrap-id-1665342830910\" class=\"sppb-row-column \"><div id=\"column-id-1665342830910\" class=\"sppb-column \"><div class=\"sppb-column-addons\"><div id=\"sppb-addon-wrapper-1665342882727\" class=\"sppb-addon-wrapper addon-root-text-block\"><div id=\"sppb-addon-1665342882727\" class=\"clearfix \"><div class=\"sppb-addon sppb-addon-text-block \"><div class=\"sppb-addon-content\"><p>\u00a0<\/p><\/div><\/div><\/div><\/div><\/div><\/div><\/div><\/div><\/div><\/section>\t\t\t\t\t\t\t\t<\/div>\n\t\t\t\t<\/div>\n\t\t\t\t\t<\/div>\n\t\t\t\t<\/div>\n\t\t\t\t<\/div>\n\t\t","protected":false},"excerpt":{"rendered":"<p>Datenschutzerkl\u00e4rung Stiftung Miata Team Holland, ist verantwortlich f\u00fcr die Verarbeitung von pers\u00f6nlichen Daten wie in dieser Datenschutzerkl\u00e4rung wiedergegeben. Kontaktdaten: https:\/\/www.miatasatsummertime.eucontact@miatasatsummertime.eu Verantwortlich f\u00fcr den Datenschutz der Stichting Miata Team Holland kann \u00fcber\u00a0contact@miatasatsummertime.euerreicht werden Pers\u00f6nliche Daten die wir verarbeiten: Stiftung Miata Team Holland verarbeitet Ihre pers\u00f6nlichen Daten und gibt ihnen die M\u00f6glichkeit unsere Dienste zu nutzen. Im [&hellip;]<\/p>\n","protected":false},"author":1,"featured_media":0,"parent":0,"menu_order":0,"comment_status":"closed","ping_status":"closed","template":"","meta":{"footnotes":""},"class_list":["post-1428","page","type-page","status-publish","hentry"],"_links":{"self":[{"href":"https:\/\/miatasatsummertime.eu\/index.php\/wp-json\/wp\/v2\/pages\/1428","targetHints":{"allow":["GET"]}}],"collection":[{"href":"https:\/\/miatasatsummertime.eu\/index.php\/wp-json\/wp\/v2\/pages"}],"about":[{"href":"https:\/\/miatasatsummertime.eu\/index.php\/wp-json\/wp\/v2\/types\/page"}],"author":[{"embeddable":true,"href":"https:\/\/miatasatsummertime.eu\/index.php\/wp-json\/wp\/v2\/users\/1"}],"replies":[{"embeddable":true,"href":"https:\/\/miatasatsummertime.eu\/index.php\/wp-json\/wp\/v2\/comments?post=1428"}],"version-history":[{"count":4,"href":"https:\/\/miatasatsummertime.eu\/index.php\/wp-json\/wp\/v2\/pages\/1428\/revisions"}],"predecessor-version":[{"id":1432,"href":"https:\/\/miatasatsummertime.eu\/index.php\/wp-json\/wp\/v2\/pages\/1428\/revisions\/1432"}],"wp:attachment":[{"href":"https:\/\/miatasatsummertime.eu\/index.php\/wp-json\/wp\/v2\/media?parent=1428"}],"curies":[{"name":"wp","href":"https:\/\/api.w.org\/{rel}","templated":true}]}}