{"id":1413,"date":"2024-12-07T12:48:25","date_gmt":"2024-12-07T12:48:25","guid":{"rendered":"https:\/\/miatasatsummertime.eu\/?page_id=1413"},"modified":"2024-12-07T12:49:15","modified_gmt":"2024-12-07T12:49:15","slug":"disclaimer-de","status":"publish","type":"page","link":"https:\/\/miatasatsummertime.eu\/index.php\/de\/disclaimer-de\/","title":{"rendered":"Disclaimer (de)"},"content":{"rendered":"\t\t<div data-elementor-type=\"wp-page\" data-elementor-id=\"1413\" class=\"elementor elementor-1413\" data-elementor-post-type=\"page\">\n\t\t\t\t<div class=\"elementor-element elementor-element-8e30ae1 e-flex e-con-boxed e-con e-parent\" data-id=\"8e30ae1\" data-element_type=\"container\">\n\t\t\t\t\t<div class=\"e-con-inner\">\n\t\t\t\t<div class=\"elementor-element elementor-element-08e0f7d elementor-widget elementor-widget-text-editor\" data-id=\"08e0f7d\" data-element_type=\"widget\" data-widget_type=\"text-editor.default\">\n\t\t\t\t<div class=\"elementor-widget-container\">\n\t\t\t\t\t\t\t\t\t<section id=\"section-id-1665342606609\" class=\"sppb-section\"><div class=\"sppb-row-container\"><div class=\"sppb-row\"><div id=\"column-wrap-id-1665342606608\" class=\"sppb-row-column \"><div id=\"column-id-1665342606608\" class=\"sppb-column \"><div class=\"sppb-column-addons\"><div id=\"sppb-addon-wrapper-1665342627409\" class=\"sppb-addon-wrapper addon-root-heading\"><div id=\"sppb-addon-1665342627409\" class=\"clearfix \"><div class=\"sppb-addon sppb-addon-header\"><section id=\"section-id-1665342606609\" class=\"sppb-section\"><div class=\"sppb-row-container\"><div class=\"sppb-row\"><div id=\"column-wrap-id-1665342606608\" class=\"sppb-row-column  \"><div id=\"column-id-1665342606608\" class=\"sppb-column \"><div class=\"sppb-column-addons\"><div id=\"sppb-addon-wrapper-1665342627409\" class=\"sppb-addon-wrapper  addon-root-heading\"><div id=\"sppb-addon-1665342627409\" class=\"clearfix  \"><div class=\"sppb-addon sppb-addon-header\"><h3 class=\"sppb-addon-title\">Disclaimer<\/h3><\/div><\/div><\/div><\/div><\/div><\/div><\/div><\/div><\/section><section id=\"section-id-1665342606621\" class=\"sppb-section\"><div class=\"sppb-row-container\"><div class=\"sppb-row\"><div id=\"column-wrap-id-1665342606620\" class=\"sppb-row-column  \"><div id=\"column-id-1665342606620\" class=\"sppb-column \"><div class=\"sppb-column-addons\"><div id=\"sppb-addon-wrapper-1665342654198\" class=\"sppb-addon-wrapper  addon-root-text-block\"><div id=\"sppb-addon-1665342654198\" class=\"clearfix  \"><div class=\"sppb-addon sppb-addon-text-block \"><div class=\"sppb-addon-content\"><p style=\"margin-top: 0px; margin-bottom: 1rem; color: #242424; font-family: -apple-system, system-ui, 'Segoe UI', Roboto, 'Helvetica Neue', Arial, sans-serif, 'Apple Color Emoji', 'Segoe UI Emoji', 'Segoe UI Symbol'; font-size: 16px;\">Haftungsausschluss :<\/p><p style=\"margin-top: 0px; margin-bottom: 1rem; font-family: -apple-system, system-ui, 'Segoe UI', Roboto, 'Helvetica Neue', Arial, sans-serif, 'Apple Color Emoji', 'Segoe UI Emoji', 'Segoe UI Symbol'; font-size: 16px;\">Der Haftungsausschluss bezieht sich auf die Information und Inhalte unserer Webseite\u00a0<a href=\"https:\/\/www.miatasatsummertime.eu\">https:\/\/www.miatasatsummertime.eu<\/a><br \/>Durch den Besuch und der Nutzung, von den von uns zu Verf\u00fcgung gestellten Informationen und Inhalten dieser Webseite, stimmen Sie unseren Haftungsausschluss zu.<\/p><div style=\"margin-top: 0px; margin-bottom: 0.5rem; font-family: -apple-system, system-ui, 'Segoe UI', Roboto, 'Helvetica Neue', Arial, sans-serif, 'Apple Color Emoji', 'Segoe UI Emoji', 'Segoe UI Symbol'; line-height: 1.2;\"><strong>Benutzung :<\/strong><\/div><p style=\"margin-top: 0px; margin-bottom: 1rem; color: #242424; font-family: -apple-system, system-ui, 'Segoe UI', Roboto, 'Helvetica Neue', Arial, sans-serif, 'Apple Color Emoji', 'Segoe UI Emoji', 'Segoe UI Symbol'; font-size: 16px;\">Die Benutzung dieser Webseite ist f\u00fcr den allgemeinen Information,s Austausch gedacht. Es k\u00f6nnen keine Rechte an den Inhalten und Information von dieser Webseite entnommen werden. Auch wenn das &#8220;Miata Team Holland&#8221;, mit gr\u00f6\u00dfter Sorgfalt , diese Seiten erstellt und eingepflegt hat und auch Quellen genutzt hat, die als zuverl\u00e4ssig gelten, kann das &#8220;Miata Team Holland&#8221; keine Gew\u00e4hr f\u00fcr die Richtigkeit, Vollst\u00e4ndigkeit und der Aktualit\u00e4t gew\u00e4hrleisten. Das &#8221; Miata Team Holland&#8221;, kann nicht garantieren, das unsere Webseite Fehler- und Unterbrechungsfrei funktioniert. Daher lehnen wir auch jegliche Haftung gegen\u00fcber der Richtig, Vollst\u00e4ndigkeit und Aktualit\u00e4t, von den von uns zu Verf\u00fcgung gestellten Informationen, auf dieser Webseite ausdr\u00fccklich ab!<\/p><p style=\"margin-top: 0px; margin-bottom: 0.5rem; font-family: -apple-system, system-ui, 'Segoe UI', Roboto, 'Helvetica Neue', Arial, sans-serif, 'Apple Color Emoji', 'Segoe UI Emoji', 'Segoe UI Symbol'; line-height: 1.2; color: #242424;\"><strong>Information :<\/strong><\/p><p style=\"margin-top: 0px; margin-bottom: 1rem; color: #242424; font-family: -apple-system, system-ui, 'Segoe UI', Roboto, 'Helvetica Neue', Arial, sans-serif, 'Apple Color Emoji', 'Segoe UI Emoji', 'Segoe UI Symbol'; font-size: 16px;\">Alle Texte, Logos, Bilder und Grafiken auf unsere Webseite sind &#8220;geistiges Eigentum&#8221; des &#8220;Miata Team Holland,s&#8221; und wir behalten uns diesbez\u00fcglich alle Rechte vor. Das kopieren, herunterladen, vervielf\u00e4ltigen oder reproduzieren unserer Inhalte und Informationen von dieser Website ist ohne die schriftliche Genehmigung des &#8220;Miata Team Holland,s&#8221; bzw. durch den Eigent\u00fcmer dieser Webseite nicht erlaubt ! Das ausdrucken bzw. downloaden f\u00fcr den privaten und pers\u00f6nlichen Zweck ist gestattet.<\/p><div style=\"margin-top: 0px; margin-bottom: 0.5rem; font-family: -apple-system, system-ui, 'Segoe UI', Roboto, 'Helvetica Neue', Arial, sans-serif, 'Apple Color Emoji', 'Segoe UI Emoji', 'Segoe UI Symbol'; line-height: 1.2; color: #242424;\"><strong>\u00c4nderung :<\/strong><\/div><p style=\"margin-top: 0px; margin-bottom: 1rem; color: #242424; font-family: -apple-system, system-ui, 'Segoe UI', Roboto, 'Helvetica Neue', Arial, sans-serif, 'Apple Color Emoji', 'Segoe UI Emoji', 'Segoe UI Symbol'; font-size: 16px;\">Das &#8220;Miata Team Holland&#8221; beh\u00e4lt sich das Recht vor, die Inhalte und Informationen so wie den Haftungsausschluss auf dieser Website und dieses ohne Vorank\u00fcndigung, jeder Zeit zu \u00e4ndern ! Daher ist es Ratsam, die Inhalte, Information so wie den Haftungsausschluss in regelm\u00e4\u00dfigen Abst\u00e4nden auf eventuelle \u00c4nderungen zu \u00fcberpr\u00fcfen !<\/p><p style=\"margin-top: 0px; margin-bottom: 0.5rem; font-family: -apple-system, system-ui, 'Segoe UI', Roboto, 'Helvetica Neue', Arial, sans-serif, 'Apple Color Emoji', 'Segoe UI Emoji', 'Segoe UI Symbol'; line-height: 1.2; color: #242424;\"><strong>Anwendbares Recht :<\/strong><\/p><p style=\"margin-top: 0px; margin-bottom: 1rem; color: #242424; font-family: -apple-system, system-ui, 'Segoe UI', Roboto, 'Helvetica Neue', Arial, sans-serif, 'Apple Color Emoji', 'Segoe UI Emoji', 'Segoe UI Symbol'; font-size: 16px;\">Diese Webseite, so wie der Haftungsausschluss, entstanden nach Niederl\u00e4ndischen Recht. Im Falle von Rechtlichen Beschwerden gegen unsere Website oder unserem Haftungsausschluss, kann nur das Niederl\u00e4ndische Recht zu Grunde genommen werden und dieses ausschlie\u00dflich vor einem Niederl\u00e4ndischen Gericht geltend gemacht werden.<\/p><p style=\"margin-top: 0px; margin-bottom: 1rem; color: #242424; font-family: -apple-system, system-ui, 'Segoe UI', Roboto, 'Helvetica Neue', Arial, sans-serif, 'Apple Color Emoji', 'Segoe UI Emoji', 'Segoe UI Symbol'; font-size: 16px;\">Verantwortliche f\u00fcr diese website:<br \/>Miata Team Holland e.V.<\/p><\/div><\/div><\/div><\/div><\/div><\/div><\/div><\/div><\/div><\/section><\/div><\/div><\/div><\/div><\/div><\/div><\/div><\/div><\/section><section id=\"section-id-1665342606621\" class=\"sppb-section\"><div class=\"sppb-row-container\"><div class=\"sppb-row\"><div id=\"column-wrap-id-1665342606620\" class=\"sppb-row-column \"><div id=\"column-id-1665342606620\" class=\"sppb-column \"><div class=\"sppb-column-addons\"><div id=\"sppb-addon-wrapper-1665342654198\" class=\"sppb-addon-wrapper addon-root-text-block\"><div id=\"sppb-addon-1665342654198\" class=\"clearfix \"><div class=\"sppb-addon sppb-addon-text-block \"><div class=\"sppb-addon-content\"><div>Diesdonkerweg 12<br \/>5724 PG, Ommel<\/div><\/div><\/div><\/div><\/div><\/div><\/div><\/div><\/div><\/div><\/section>\t\t\t\t\t\t\t\t<\/div>\n\t\t\t\t<\/div>\n\t\t\t\t\t<\/div>\n\t\t\t\t<\/div>\n\t\t\t\t<\/div>\n\t\t","protected":false},"excerpt":{"rendered":"<p>Disclaimer Haftungsausschluss : Der Haftungsausschluss bezieht sich auf die Information und Inhalte unserer Webseite\u00a0https:\/\/www.miatasatsummertime.euDurch den Besuch und der Nutzung, von den von uns zu Verf\u00fcgung gestellten Informationen und Inhalten dieser Webseite, stimmen Sie unseren Haftungsausschluss zu. Benutzung : Die Benutzung dieser Webseite ist f\u00fcr den allgemeinen Information,s Austausch gedacht. Es k\u00f6nnen keine Rechte an den [&hellip;]<\/p>\n","protected":false},"author":1,"featured_media":0,"parent":0,"menu_order":0,"comment_status":"closed","ping_status":"closed","template":"","meta":{"footnotes":""},"class_list":["post-1413","page","type-page","status-publish","hentry"],"_links":{"self":[{"href":"https:\/\/miatasatsummertime.eu\/index.php\/wp-json\/wp\/v2\/pages\/1413","targetHints":{"allow":["GET"]}}],"collection":[{"href":"https:\/\/miatasatsummertime.eu\/index.php\/wp-json\/wp\/v2\/pages"}],"about":[{"href":"https:\/\/miatasatsummertime.eu\/index.php\/wp-json\/wp\/v2\/types\/page"}],"author":[{"embeddable":true,"href":"https:\/\/miatasatsummertime.eu\/index.php\/wp-json\/wp\/v2\/users\/1"}],"replies":[{"embeddable":true,"href":"https:\/\/miatasatsummertime.eu\/index.php\/wp-json\/wp\/v2\/comments?post=1413"}],"version-history":[{"count":4,"href":"https:\/\/miatasatsummertime.eu\/index.php\/wp-json\/wp\/v2\/pages\/1413\/revisions"}],"predecessor-version":[{"id":1417,"href":"https:\/\/miatasatsummertime.eu\/index.php\/wp-json\/wp\/v2\/pages\/1413\/revisions\/1417"}],"wp:attachment":[{"href":"https:\/\/miatasatsummertime.eu\/index.php\/wp-json\/wp\/v2\/media?parent=1413"}],"curies":[{"name":"wp","href":"https:\/\/api.w.org\/{rel}","templated":true}]}}